{"id":12358,"date":"2021-06-24T12:07:05","date_gmt":"2021-06-24T15:07:05","guid":{"rendered":"https:\/\/metadil.com.br\/?page_id=12358"},"modified":"2022-10-20T11:56:29","modified_gmt":"2022-10-20T14:56:29","slug":"elementary-and-middle-refectory-gallery","status":"publish","type":"page","link":"https:\/\/metadil.com.br\/en\/elementary-and-middle-refectory-gallery\/","title":{"rendered":"Elementary and middle refectory gallery"},"content":{"rendered":"<p>[et_pb_section fb_built=&#8221;1&#8243; disabled_on=&#8221;on|on|off&#8221; admin_label=&#8221;section&#8221; _builder_version=&#8221;4.9.4&#8243; width=&#8221;90%&#8221; max_width=&#8221;1080px&#8221; module_alignment=&#8221;center&#8221; locked=&#8221;off&#8221;][et_pb_row admin_label=&#8221;row&#8221; _builder_version=&#8221;4.9.4&#8243; module_alignment=&#8221;left&#8221; custom_margin=&#8221;-25px||||false|false&#8221; custom_padding=&#8221;0px||0px||false|false&#8221; global_colors_info=&#8221;{}&#8221;][et_pb_column type=&#8221;4_4&#8243; _builder_version=&#8221;3.25&#8243; custom_padding=&#8221;|||&#8221; custom_padding__hover=&#8221;|||&#8221;][et_pb_text _builder_version=&#8221;4.9.4&#8243; _module_preset=&#8221;default&#8221;]<\/p>\n<h4 class=\"font_4\"><span class=\"color_13\">Elementary and high school cafeteria gallery<br \/><\/span><\/h4>\n<p>Below you will be able to check several images of cafeteria environments in elementary and high schools with Metadil furniture.<br \/>Click on an image to enlarge it and view the list of products used in the environment.<\/p>\n<p>[\/et_pb_text][\/et_pb_column][\/et_pb_row][et_pb_row _builder_version=&#8221;4.9.4&#8243; _module_preset=&#8221;default&#8221; width=&#8221;100%&#8221; max_width=&#8221;1007px&#8221; module_alignment=&#8221;left&#8221; custom_margin=&#8221;-25px||||false|false&#8221; custom_padding=&#8221;0px||0px||false|false&#8221; locked=&#8221;off&#8221; global_colors_info=&#8221;{}&#8221;][et_pb_column type=&#8221;4_4&#8243; _builder_version=&#8221;4.9.4&#8243; _module_preset=&#8221;default&#8221;][et_pb_slider show_arrows=&#8221;off&#8221; use_bg_overlay=&#8221;on&#8221; bg_overlay_color=&#8221;RGBA(0,0,0,0)&#8221; dot_nav_custom_color=&#8221;#595959&#8243; module_id=&#8221;slidermtd&#8221; _builder_version=&#8221;4.9.4&#8243; _module_preset=&#8221;default&#8221; header_text_align=&#8221;left&#8221; body_text_align=&#8221;left&#8221; body_font_size=&#8221;12px&#8221; body_line_height=&#8221;1.4em&#8221; text_orientation=&#8221;justified&#8221; max_width=&#8221;100%&#8221; module_alignment=&#8221;left&#8221; overflow-x=&#8221;visible&#8221; overflow-y=&#8221;visible&#8221; custom_margin=&#8221;0px||||false|false&#8221; mix_blend_mode=&#8221;multiply&#8221; hover_transition_duration=&#8221;0ms&#8221; hover_enabled=&#8221;0&#8243; custom_css_before=&#8221;margin:0px;||padding:0px;&#8221; custom_css_main_element=&#8221;animation:none;&#8221; custom_css_slide_description=&#8221;text-shadow:none;||margin-top:80px;||width:35%;&#8221; custom_css_slide_controllers=&#8221;visibility:hidden;&#8221; custom_css_slide_image=&#8221;width:75%;||text-align:left;&#8221; sticky_enabled=&#8221;0&#8243;][et_pb_slide heading=&#8221;Product list&#8221; image=&#8221;https:\/\/metadil.com.br\/wp-content\/uploads\/2021\/04\/Refeitorio_1.jpg&#8221; use_bg_overlay=&#8221;off&#8221; use_text_overlay=&#8221;off&#8221; image_alt=&#8221;metadil&#8221; _builder_version=&#8221;4.9.4&#8243; _module_preset=&#8221;default&#8221; body_text_align=&#8221;left&#8221; background_enable_image=&#8221;off&#8221; background_size=&#8221;contain&#8221; background_position=&#8221;bottom_left&#8221; width=&#8221;100%&#8221; max_width=&#8221;100%&#8221; overflow-x=&#8221;visible&#8221; overflow-y=&#8221;visible&#8221; custom_padding=&#8221;0px||290px|120px|false|false&#8221; link_option_url_new_window=&#8221;on&#8221; hover_enabled=&#8221;0&#8243; border_color_all_image=&#8221;#000000&#8243; sticky_transition=&#8221;on&#8221; sticky_enabled=&#8221;0&#8243;]<\/p>\n<ul>\n<li><span class=\"color_14\"><a href=\"https:\/\/metadil.com.br\/en\/school-tables\/cafeteria-tables-and-benches\/\">Cafeteria tables<\/a><\/span><\/li>\n<li style=\"text-align: left;\"><span class=\"color_14\"><a href=\"https:\/\/metadil.com.br\/en\/chairs-and-seats\/aria-chairs\/\">Aria chairs<\/a><\/span><\/li>\n<li style=\"text-align: left;\"><a href=\"https:\/\/metadil.com.br\/en\/accessories\/trays-and-plates\/\"><span class=\"color_14\">Trays and plates<\/span><\/a><\/li>\n<\/ul>\n<p>[\/et_pb_slide][et_pb_slide heading=&#8221;Product list&#8221; image=&#8221;https:\/\/metadil.com.br\/wp-content\/uploads\/2022\/10\/Refeitorio_01_galeria.jpg&#8221; use_bg_overlay=&#8221;off&#8221; use_text_overlay=&#8221;off&#8221; image_alt=&#8221;metadil&#8221; _builder_version=&#8221;4.9.4&#8243; _module_preset=&#8221;default&#8221; body_text_align=&#8221;left&#8221; background_enable_image=&#8221;off&#8221; background_size=&#8221;contain&#8221; background_position=&#8221;bottom_left&#8221; width=&#8221;100%&#8221; max_width=&#8221;100%&#8221; overflow-x=&#8221;visible&#8221; overflow-y=&#8221;visible&#8221; custom_padding=&#8221;0px||292px|120px|false|false&#8221; link_option_url_new_window=&#8221;on&#8221; border_color_all_image=&#8221;#000000&#8243; sticky_transition=&#8221;on&#8221;]<\/p>\n<ul>\n<li><span class=\"color_14\"><a href=\"https:\/\/metadil.com.br\/en\/school-tables\/cafeteria-tables-and-benches\/\">Cafeteria tables<\/a><\/span><\/li>\n<li style=\"text-align: left;\"><span class=\"color_14\"><a href=\"https:\/\/metadil.com.br\/en\/chairs-and-seats\/aria-chairs\/\">Aria chairs<\/a><\/span><\/li>\n<li style=\"text-align: left;\"><a href=\"https:\/\/metadil.com.br\/en\/accessories\/trays-and-plates\/\"><span class=\"color_14\">Trays and plates<\/span><\/a><\/li>\n<\/ul>\n<p>[\/et_pb_slide][et_pb_slide heading=&#8221;Product list&#8221; image=&#8221;https:\/\/metadil.com.br\/wp-content\/uploads\/2022\/10\/Teste-Refeitorio2_2-scaled_galeria.jpg&#8221; use_bg_overlay=&#8221;off&#8221; use_text_overlay=&#8221;off&#8221; image_alt=&#8221;metadil&#8221; _builder_version=&#8221;4.9.4&#8243; _module_preset=&#8221;default&#8221; body_text_align=&#8221;left&#8221; background_enable_image=&#8221;off&#8221; background_size=&#8221;contain&#8221; background_position=&#8221;bottom_left&#8221; width=&#8221;100%&#8221; max_width=&#8221;100%&#8221; overflow-x=&#8221;visible&#8221; overflow-y=&#8221;visible&#8221; custom_padding=&#8221;0px||292px|120px|false|false&#8221; link_option_url_new_window=&#8221;on&#8221; border_color_all_image=&#8221;#000000&#8243; sticky_transition=&#8221;on&#8221;]<\/p>\n<ul>\n<li><span class=\"color_14\"><a href=\"https:\/\/metadil.com.br\/en\/school-tables\/cafeteria-tables-and-benches\/\">Cafeteria tables anda benches<\/a><\/span><\/li>\n<li style=\"text-align: left;\"><a href=\"https:\/\/metadil.com.br\/en\/accessories\/trays-and-plates\/\"><span class=\"color_14\">Trays and plates<\/span><\/a><\/li>\n<\/ul>\n<p>[\/et_pb_slide][\/et_pb_slider][\/et_pb_column][\/et_pb_row][et_pb_row column_structure=&#8221;1_4,1_4,1_4,1_4&#8243; _builder_version=&#8221;4.9.4&#8243; _module_preset=&#8221;default&#8221; width=&#8221;70%&#8221; module_alignment=&#8221;left&#8221; custom_margin=&#8221;0px|0px|20px|0px|false|false&#8221; custom_padding=&#8221;0px|0px|0px|0px|false|false&#8221; custom_css_main_element=&#8221;z-index:0;&#8221;][et_pb_column type=&#8221;1_4&#8243; _builder_version=&#8221;4.9.4&#8243; _module_preset=&#8221;default&#8221;][et_pb_image src=&#8221;https:\/\/metadil.com.br\/wp-content\/uploads\/2021\/04\/Refeitorio_1.jpg&#8221; alt=&#8221;Produtos na imagem: Mesas individuais 7018R, cadeira 4321, mesa de professor 70322 e lousas modulares Wallvision.&#8221; title_text=&#8221;Produtos na imagem: Mesas para refeit\u00f3rio 70470, cadeiras Aria 4711,  bandejas BJ02.10, pratos PTF01.10 e PTR01.10.&#8221; url=&#8221;#&#8221; align=&#8221;center&#8221; force_fullwidth=&#8221;on&#8221; module_id=&#8221;DTE-slide-1&#8243; module_class=&#8221;data-image-zoom-disabled&#8221; _builder_version=&#8221;4.9.4&#8243; _module_preset=&#8221;default&#8221; background_enable_image=&#8221;off&#8221; custom_margin=&#8221;0px|0px|0px|0px|false|false&#8221; custom_padding=&#8221;0px|0px|0px|0px|false|false&#8221;][\/et_pb_image][\/et_pb_column][et_pb_column type=&#8221;1_4&#8243; _builder_version=&#8221;4.9.4&#8243; _module_preset=&#8221;default&#8221;][et_pb_image src=&#8221;https:\/\/metadil.com.br\/wp-content\/uploads\/2022\/10\/Refeitorio_01_galeria.jpg&#8221; alt=&#8221;Produtos na imagem: Mesas para refeit\u00f3rio 70469, cadeiras 4711, bandejas de servir BJ02.10, pratos fundos PTF01.10 e pratos rasos PTR01.10&#8243; title_text=&#8221;Produtos na imagem: Mesas para refeit\u00f3rio 70469, cadeiras 4711, bandejas de servir BJ02.10, pratos fundos PTF01.10 e pratos rasos PTR01.10&#8243; url=&#8221;#&#8221; align=&#8221;center&#8221; force_fullwidth=&#8221;on&#8221; module_id=&#8221;DTE-slide-2&#8243; _builder_version=&#8221;4.9.4&#8243; _module_preset=&#8221;default&#8221; background_enable_image=&#8221;off&#8221; custom_margin=&#8221;0px|0px|0px|0px|false|false&#8221; custom_padding=&#8221;0px|0px|0px|0px|false|false&#8221;][\/et_pb_image][\/et_pb_column][et_pb_column type=&#8221;1_4&#8243; _builder_version=&#8221;4.9.4&#8243; _module_preset=&#8221;default&#8221;][et_pb_image src=&#8221;https:\/\/metadil.com.br\/wp-content\/uploads\/2022\/10\/Teste-Refeitorio2_2-scaled_galeria.jpg&#8221; alt=&#8221;Refeit\u00f3rio com m\u00f3veis Metadil&#8221; title_text=&#8221;Produtos na imagem: Mesa para refeit\u00f3rio 70470, bancos para refeit\u00f3rio 40470, bandejas BJ02.10 e pratos PTF01.10.&#8221; url=&#8221;#&#8221; align=&#8221;center&#8221; force_fullwidth=&#8221;on&#8221; module_id=&#8221;DTE-slide-3&#8243; _builder_version=&#8221;4.9.4&#8243; _module_preset=&#8221;default&#8221; background_enable_image=&#8221;off&#8221; custom_margin=&#8221;0px|0px|0px|0px|false|false&#8221; custom_padding=&#8221;0px|0px|0px|0px|false|false&#8221;][\/et_pb_image][\/et_pb_column][et_pb_column type=&#8221;1_4&#8243; _builder_version=&#8221;4.9.4&#8243; _module_preset=&#8221;default&#8221;][\/et_pb_column][\/et_pb_row][\/et_pb_section][et_pb_section fb_built=&#8221;1&#8243; disabled_on=&#8221;off|on|on&#8221; admin_label=&#8221;section&#8221; _builder_version=&#8221;4.9.4&#8243; width=&#8221;90%&#8221; max_width=&#8221;1080px&#8221; module_alignment=&#8221;center&#8221; custom_margin=&#8221;0px|0px|0px|0px|false|false&#8221; custom_padding=&#8221;20px|0px|0px|0px|false|false&#8221; locked=&#8221;off&#8221;][et_pb_row admin_label=&#8221;row&#8221; _builder_version=&#8221;4.9.4&#8243; module_alignment=&#8221;left&#8221; custom_margin=&#8221;-26px|0px||0px|false|false&#8221; custom_padding=&#8221;1px|0px|55px||false|false&#8221; global_colors_info=&#8221;{}&#8221;][et_pb_column type=&#8221;4_4&#8243; _builder_version=&#8221;4.9.4&#8243; custom_padding=&#8221;|||0px|false|false&#8221; custom_padding__hover=&#8221;|||&#8221;][et_pb_text _builder_version=&#8221;4.9.4&#8243; _module_preset=&#8221;default&#8221;]<\/p>\n<h4 class=\"font_4\"><span class=\"color_13\">Elementary and high school cafeteria gallery<br \/><\/span><\/h4>\n<p>Below you will be able to check several images of cafeteria environments in elementary and high schools with Metadil furniture.<br \/>Click on an image to enlarge it and view the list of products used in the environment.<\/p>\n<p>[\/et_pb_text][\/et_pb_column][\/et_pb_row][et_pb_row _builder_version=&#8221;4.9.4&#8243; _module_preset=&#8221;default&#8221; width=&#8221;100%&#8221; width_tablet=&#8221;&#8221; width_phone=&#8221;100%&#8221; width_last_edited=&#8221;on|phone&#8221; max_width_tablet=&#8221;&#8221; max_width_phone=&#8221;&#8221; max_width_last_edited=&#8221;on|phone&#8221; module_alignment=&#8221;left&#8221; custom_margin=&#8221;-25px||||false|false&#8221; custom_padding=&#8221;0px||0px||false|false&#8221; global_colors_info=&#8221;{}&#8221;][et_pb_column type=&#8221;4_4&#8243; _builder_version=&#8221;4.9.4&#8243; _module_preset=&#8221;default&#8221;][et_pb_accordion open_toggle_background_color=&#8221;#FFFFFF&#8221; closed_toggle_background_color=&#8221;#FFFFFF&#8221; icon_color=&#8221;RGBA(0,0,0,0)&#8221; _builder_version=&#8221;4.9.4&#8243; _module_preset=&#8221;default&#8221; toggle_letter_spacing=&#8221;140px&#8221; hover_enabled=&#8221;0&#8243; custom_css_toggle=&#8221;min-height:205px;&#8221; custom_css_open_toggle=&#8221;height:auto;&#8221; custom_css_toggle_title=&#8221;height:auto;&#8221; border_width_all=&#8221;0px&#8221; sticky_enabled=&#8221;0&#8243;][et_pb_accordion_item title=&#8221;Imagem 01&#8243; open=&#8221;on&#8221; _builder_version=&#8221;4.9.4&#8243; _module_preset=&#8221;default&#8221; background_image=&#8221;https:\/\/metadil.com.br\/wp-content\/uploads\/2021\/04\/Refeitorio_1.jpg&#8221; background_enable_image=&#8221;on&#8221; background_size=&#8221;contain&#8221; background_position=&#8221;top_center&#8221; custom_css_toggle_title=&#8221;color:transparent!important;&#8221; toggle_letter_spacing=&#8221;0px&#8221;]<\/p>\n<p><strong>Product list<\/strong><\/p>\n<div class=\"et_pb_module et_pb_text et_pb_text_0  et_pb_text_align_left et_pb_bg_layout_light\">\n<div class=\"et_pb_text_inner\">\n<div class=\"et_pb_module et_pb_text et_pb_text_0  et_pb_text_align_left et_pb_bg_layout_light\">\n<div class=\"et_pb_text_inner\">\n<div class=\"et_pb_module et_pb_text et_pb_text_0  et_pb_text_align_left et_pb_bg_layout_light\">\n<div class=\"et_pb_text_inner\">\n<div class=\"et_pb_module et_pb_text et_pb_text_0  et_pb_text_align_left et_pb_bg_layout_light\">\n<div class=\"et_pb_text_inner\">\n<ul>\n<li><span class=\"color_14\"><a href=\"https:\/\/metadil.com.br\/en\/school-tables\/cafeteria-tables-and-benches\/\">Cafeteria tables<\/a><\/span><\/li>\n<li style=\"text-align: left;\"><span class=\"color_14\"><a href=\"https:\/\/metadil.com.br\/en\/chairs-and-seats\/aria-chairs\/\">Aria chairs<\/a><\/span><\/li>\n<li style=\"text-align: left;\"><a href=\"https:\/\/metadil.com.br\/en\/accessories\/trays-and-plates\/\"><span class=\"color_14\">Trays and plates<\/span><\/a><\/li>\n<\/ul>\n<\/div>\n<\/div>\n<\/div>\n<\/div>\n<\/div>\n<\/div>\n<\/div>\n<\/div>\n<p>[\/et_pb_accordion_item][et_pb_accordion_item title=&#8221;Imagem 01&#8243; _builder_version=&#8221;4.9.4&#8243; _module_preset=&#8221;default&#8221; background_image=&#8221;https:\/\/metadil.com.br\/wp-content\/uploads\/2022\/10\/Refeitorio_01_galeria.jpg&#8221; background_enable_image=&#8221;on&#8221; background_size=&#8221;contain&#8221; background_position=&#8221;top_center&#8221; hover_enabled=&#8221;0&#8243; custom_css_toggle_title=&#8221;color:transparent!important;&#8221; toggle_letter_spacing=&#8221;0px&#8221; open=&#8221;off&#8221; sticky_enabled=&#8221;0&#8243;]<\/p>\n<p><strong>Product list<\/strong><\/p>\n<div class=\"et_pb_module et_pb_text et_pb_text_0  et_pb_text_align_left et_pb_bg_layout_light\">\n<div class=\"et_pb_text_inner\">\n<div class=\"et_pb_module et_pb_text et_pb_text_0  et_pb_text_align_left et_pb_bg_layout_light\">\n<div class=\"et_pb_text_inner\">\n<div class=\"et_pb_module et_pb_text et_pb_text_0  et_pb_text_align_left et_pb_bg_layout_light\">\n<div class=\"et_pb_text_inner\">\n<div class=\"et_pb_module et_pb_text et_pb_text_0  et_pb_text_align_left et_pb_bg_layout_light\">\n<div class=\"et_pb_text_inner\">\n<ul>\n<li><span class=\"color_14\"><a href=\"https:\/\/metadil.com.br\/en\/school-tables\/cafeteria-tables-and-benches\/\">Cafeteria tables<\/a><\/span><\/li>\n<li style=\"text-align: left;\"><span class=\"color_14\"><a href=\"https:\/\/metadil.com.br\/en\/chairs-and-seats\/aria-chairs\/\">Aria chairs<\/a><\/span><\/li>\n<li style=\"text-align: left;\"><a href=\"https:\/\/metadil.com.br\/en\/accessories\/trays-and-plates\/\"><span class=\"color_14\">Trays and plates<\/span><\/a><\/li>\n<\/ul>\n<\/div>\n<\/div>\n<\/div>\n<\/div>\n<\/div>\n<\/div>\n<\/div>\n<\/div>\n<p>[\/et_pb_accordion_item][et_pb_accordion_item title=&#8221;Imagem 01&#8243; _builder_version=&#8221;4.9.4&#8243; _module_preset=&#8221;default&#8221; background_image=&#8221;https:\/\/metadil.com.br\/wp-content\/uploads\/2022\/10\/Teste-Refeitorio2_2-scaled_galeria.jpg&#8221; background_enable_image=&#8221;on&#8221; background_size=&#8221;contain&#8221; background_position=&#8221;top_center&#8221; custom_css_toggle_title=&#8221;color:transparent!important;&#8221; toggle_letter_spacing=&#8221;0px&#8221; open=&#8221;off&#8221;]<\/p>\n<p><strong>Product list<\/strong><\/p>\n<div class=\"et_pb_module et_pb_text et_pb_text_0  et_pb_text_align_left et_pb_bg_layout_light\">\n<div class=\"et_pb_text_inner\">\n<div class=\"et_pb_module et_pb_text et_pb_text_0  et_pb_text_align_left et_pb_bg_layout_light\">\n<div class=\"et_pb_text_inner\">\n<div class=\"et_pb_module et_pb_text et_pb_text_0  et_pb_text_align_left et_pb_bg_layout_light\">\n<div class=\"et_pb_text_inner\">\n<div class=\"et_pb_module et_pb_text et_pb_text_0  et_pb_text_align_left et_pb_bg_layout_light\">\n<div class=\"et_pb_text_inner\">\n<ul>\n<li><span class=\"color_14\"><a href=\"https:\/\/metadil.com.br\/en\/school-tables\/cafeteria-tables-and-benches\/\">Cafeteria tables anda benches<\/a><\/span><\/li>\n<li style=\"text-align: left;\"><a href=\"https:\/\/metadil.com.br\/en\/accessories\/trays-and-plates\/\"><span class=\"color_14\">Trays and plates<\/span><\/a><\/li>\n<\/ul>\n<\/div>\n<\/div>\n<\/div>\n<\/div>\n<\/div>\n<\/div>\n<\/div>\n<\/div>\n<p>[\/et_pb_accordion_item][\/et_pb_accordion][\/et_pb_column][\/et_pb_row][\/et_pb_section][et_pb_section fb_built=&#8221;1&#8243; fullwidth=&#8221;on&#8221; _builder_version=&#8221;4.9.4&#8243; _module_preset=&#8221;default&#8221; locked=&#8221;off&#8221;][et_pb_fullwidth_code _builder_version=&#8221;4.9.4&#8243; _module_preset=&#8221;default&#8221;]<script src=\"https:\/\/metadil.com.br\/wp-includes\/js\/fast-image-zoom.js\"><\/script><!-- [et_pb_line_break_holder] -->\t\t<script><!-- [et_pb_line_break_holder] -->\t\t\tconst destroy = imageZoom()<!-- [et_pb_line_break_holder] -->\t\t<\/script><!-- [et_pb_line_break_holder] -->[\/et_pb_fullwidth_code][et_pb_fullwidth_code _builder_version=&#8221;4.9.4&#8243; _module_preset=&#8221;default&#8221;]<script><!-- [et_pb_line_break_holder] -->   <!-- [et_pb_line_break_holder] -->jQuery(document).ready(function( $ ) {<!-- [et_pb_line_break_holder] -->   <!-- [et_pb_line_break_holder] -->var selector = '.activelinks a';<!-- [et_pb_line_break_holder] -->$(selector).on('click', function(){<!-- [et_pb_line_break_holder] -->    $(selector).removeClass('active');<!-- [et_pb_line_break_holder] -->    $(this).addClass('active');<!-- [et_pb_line_break_holder] -->});<!-- [et_pb_line_break_holder] -->   <!-- [et_pb_line_break_holder] -->$(\"#DTE-slide-1\").on(\"click\", function(e) {<!-- [et_pb_line_break_holder] -->e.preventDefault();<!-- [et_pb_line_break_holder] -->$(\".et-pb-controllers a:nth-child(1)\").trigger(\"click\");<!-- [et_pb_line_break_holder] -->});<!-- [et_pb_line_break_holder] -->    <!-- [et_pb_line_break_holder] -->$(\"#DTE-slide-2\").on(\"click\", function(e) {<!-- [et_pb_line_break_holder] -->e.preventDefault();<!-- [et_pb_line_break_holder] -->$(\".et-pb-controllers a:nth-child(2)\").trigger(\"click\");<!-- [et_pb_line_break_holder] -->});<!-- [et_pb_line_break_holder] -->    <!-- [et_pb_line_break_holder] -->$(\"#DTE-slide-3\").on(\"click\", function(e) {<!-- [et_pb_line_break_holder] -->e.preventDefault();<!-- [et_pb_line_break_holder] -->$(\".et-pb-controllers a:nth-child(3)\").trigger(\"click\");<!-- [et_pb_line_break_holder] -->});<!-- [et_pb_line_break_holder] -->    <!-- [et_pb_line_break_holder] -->$(\"#DTE-slide-4\").on(\"click\", function(e) {<!-- [et_pb_line_break_holder] -->e.preventDefault();<!-- [et_pb_line_break_holder] -->$(\".et-pb-controllers a:nth-child(4)\").trigger(\"click\");<!-- [et_pb_line_break_holder] -->});<!-- [et_pb_line_break_holder] -->  <!-- [et_pb_line_break_holder] -->$(\"#DTE-slide-5\").on(\"click\", function(e) {<!-- [et_pb_line_break_holder] -->e.preventDefault();<!-- [et_pb_line_break_holder] -->$(\".et-pb-controllers a:nth-child(5)\").trigger(\"click\");<!-- [et_pb_line_break_holder] -->});<!-- [et_pb_line_break_holder] --><!-- [et_pb_line_break_holder] -->$(\"#DTE-slide-6\").on(\"click\", function(e) {<!-- [et_pb_line_break_holder] -->e.preventDefault();<!-- [et_pb_line_break_holder] -->$(\".et-pb-controllers a:nth-child(6)\").trigger(\"click\");<!-- [et_pb_line_break_holder] -->});<!-- [et_pb_line_break_holder] -->    <!-- [et_pb_line_break_holder] -->$(\"#DTE-slide-7\").on(\"click\", function(e) {<!-- [et_pb_line_break_holder] -->e.preventDefault();<!-- [et_pb_line_break_holder] -->$(\".et-pb-controllers a:nth-child(7)\").trigger(\"click\");<!-- [et_pb_line_break_holder] -->});<!-- [et_pb_line_break_holder] -->    <!-- [et_pb_line_break_holder] -->$(\"#DTE-slide-8\").on(\"click\", function(e) {<!-- [et_pb_line_break_holder] -->e.preventDefault();<!-- [et_pb_line_break_holder] -->$(\".et-pb-controllers a:nth-child(8)\").trigger(\"click\");<!-- [et_pb_line_break_holder] -->});<!-- [et_pb_line_break_holder] -->    <!-- [et_pb_line_break_holder] -->$(\"#DTE-slide-9\").on(\"click\", function(e) {<!-- [et_pb_line_break_holder] -->e.preventDefault();<!-- [et_pb_line_break_holder] -->$(\".et-pb-controllers a:nth-child(9)\").trigger(\"click\");<!-- [et_pb_line_break_holder] -->});<!-- [et_pb_line_break_holder] -->  <!-- [et_pb_line_break_holder] -->$(\"#DTE-slide-10\").on(\"click\", function(e) {<!-- [et_pb_line_break_holder] -->e.preventDefault();<!-- [et_pb_line_break_holder] -->$(\".et-pb-controllers a:nth-child(10)\").trigger(\"click\");<!-- [et_pb_line_break_holder] -->});<!-- [et_pb_line_break_holder] -->  <!-- [et_pb_line_break_holder] -->$(\"#DTE-slide-11\").on(\"click\", function(e) {<!-- [et_pb_line_break_holder] -->e.preventDefault();<!-- [et_pb_line_break_holder] -->$(\".et-pb-controllers a:nth-child(11)\").trigger(\"click\");<!-- [et_pb_line_break_holder] -->});<!-- [et_pb_line_break_holder] -->  <!-- [et_pb_line_break_holder] -->$(\"#DTE-slide-12\").on(\"click\", function(e) {<!-- [et_pb_line_break_holder] -->e.preventDefault();<!-- [et_pb_line_break_holder] -->$(\".et-pb-controllers a:nth-child(12)\").trigger(\"click\");<!-- [et_pb_line_break_holder] -->});<!-- [et_pb_line_break_holder] -->  <!-- [et_pb_line_break_holder] -->$(\"#DTE-slide-13\").on(\"click\", function(e) {<!-- [et_pb_line_break_holder] -->e.preventDefault();<!-- [et_pb_line_break_holder] -->$(\".et-pb-controllers a:nth-child(13)\").trigger(\"click\");<!-- [et_pb_line_break_holder] -->});<!-- [et_pb_line_break_holder] -->  <!-- [et_pb_line_break_holder] -->$(\"#DTE-slide-14\").on(\"click\", function(e) {<!-- [et_pb_line_break_holder] -->e.preventDefault();<!-- [et_pb_line_break_holder] -->$(\".et-pb-controllers a:nth-child(14)\").trigger(\"click\");<!-- [et_pb_line_break_holder] -->});<!-- [et_pb_line_break_holder] -->  <!-- [et_pb_line_break_holder] -->$(\"#DTE-slide-15\").on(\"click\", function(e) {<!-- [et_pb_line_break_holder] -->e.preventDefault();<!-- [et_pb_line_break_holder] -->$(\".et-pb-controllers a:nth-child(15)\").trigger(\"click\");<!-- [et_pb_line_break_holder] -->});<!-- [et_pb_line_break_holder] -->  <!-- [et_pb_line_break_holder] -->$(\"#DTE-slide-16\").on(\"click\", function(e) {<!-- [et_pb_line_break_holder] -->e.preventDefault();<!-- [et_pb_line_break_holder] -->$(\".et-pb-controllers a:nth-child(16)\").trigger(\"click\");<!-- [et_pb_line_break_holder] -->});<!-- [et_pb_line_break_holder] --><!-- [et_pb_line_break_holder] -->});<!-- [et_pb_line_break_holder] --><\/script><!-- [et_pb_line_break_holder] --><\/p>\n<style type=\"text\/css\"><!-- [et_pb_line_break_holder] -->  .et_pb_row_0_tb_header {z-index:1!important;}<!-- [et_pb_line_break_holder] -->  .et_pb_row_0_tb_header:hover {z-index:9999999!important;}<!-- [et_pb_line_break_holder] -->  <!-- [et_pb_line_break_holder] --><\/style>\n<p>[\/et_pb_fullwidth_code][\/et_pb_section]<\/p>\n","protected":false},"excerpt":{"rendered":"<p>Elementary and high school cafeteria gallery Below you will be able to check several images of cafeteria environments in elementary and high schools with Metadil furniture.Click on an image to enlarge it and view the list of products used in the environment. Cafeteria tables Aria chairs Trays and plates Cafeteria tables Aria chairs Trays and [&hellip;]<\/p>\n","protected":false},"author":4,"featured_media":0,"parent":0,"menu_order":0,"comment_status":"closed","ping_status":"closed","template":"","meta":{"_et_pb_use_builder":"on","_et_pb_old_content":"","_et_gb_content_width":"","inline_featured_image":false,"footnotes":""},"class_list":["post-12358","page","type-page","status-publish","hentry"],"_links":{"self":[{"href":"https:\/\/metadil.com.br\/en\/wp-json\/wp\/v2\/pages\/12358","targetHints":{"allow":["GET"]}}],"collection":[{"href":"https:\/\/metadil.com.br\/en\/wp-json\/wp\/v2\/pages"}],"about":[{"href":"https:\/\/metadil.com.br\/en\/wp-json\/wp\/v2\/types\/page"}],"author":[{"embeddable":true,"href":"https:\/\/metadil.com.br\/en\/wp-json\/wp\/v2\/users\/4"}],"replies":[{"embeddable":true,"href":"https:\/\/metadil.com.br\/en\/wp-json\/wp\/v2\/comments?post=12358"}],"version-history":[{"count":0,"href":"https:\/\/metadil.com.br\/en\/wp-json\/wp\/v2\/pages\/12358\/revisions"}],"wp:attachment":[{"href":"https:\/\/metadil.com.br\/en\/wp-json\/wp\/v2\/media?parent=12358"}],"curies":[{"name":"wp","href":"https:\/\/api.w.org\/{rel}","templated":true}]}}